{"id":29779,"date":"2024-07-05T09:23:26","date_gmt":"2024-07-05T13:23:26","guid":{"rendered":"https:\/\/www.decobombardier.ca\/?page_id=29779"},"modified":"2024-10-18T08:51:50","modified_gmt":"2024-10-18T12:51:50","slug":"accueil","status":"publish","type":"page","link":"https:\/\/www.decobombardier.ca\/en\/","title":{"rendered":"Accueil"},"content":{"rendered":"","protected":false},"excerpt":{"rendered":"","protected":false},"author":1,"featured_media":0,"parent":0,"menu_order":0,"comment_status":"closed","ping_status":"closed","template":"","meta":{"_acf_changed":false,"_seopress_robots_primary_cat":"","_seopress_titles_title":"Sp\u00e9cialiste en habillage de surfaces | D\u00e9co Bombardier","_seopress_titles_desc":"D\u00e9couvrez D\u00e9coration Bombardier \u00e0 Saint-Jean-sur-Richelieu: sp\u00e9cialiste en habillage de surfaces. Avec un service d&#039;accompagnement unique, nous sublimons vos espaces depuis 1968.","_seopress_robots_index":"yes","footnotes":""},"class_list":["post-29779","page","type-page","status-publish","hentry"],"acf":[],"_links":{"self":[{"href":"https:\/\/www.decobombardier.ca\/en\/wp-json\/wp\/v2\/pages\/29779","targetHints":{"allow":["GET"]}}],"collection":[{"href":"https:\/\/www.decobombardier.ca\/en\/wp-json\/wp\/v2\/pages"}],"about":[{"href":"https:\/\/www.decobombardier.ca\/en\/wp-json\/wp\/v2\/types\/page"}],"author":[{"embeddable":true,"href":"https:\/\/www.decobombardier.ca\/en\/wp-json\/wp\/v2\/users\/1"}],"replies":[{"embeddable":true,"href":"https:\/\/www.decobombardier.ca\/en\/wp-json\/wp\/v2\/comments?post=29779"}],"version-history":[{"count":2,"href":"https:\/\/www.decobombardier.ca\/en\/wp-json\/wp\/v2\/pages\/29779\/revisions"}],"predecessor-version":[{"id":29793,"href":"https:\/\/www.decobombardier.ca\/en\/wp-json\/wp\/v2\/pages\/29779\/revisions\/29793"}],"wp:attachment":[{"href":"https:\/\/www.decobombardier.ca\/en\/wp-json\/wp\/v2\/media?parent=29779"}],"curies":[{"name":"wp","href":"https:\/\/api.w.org\/{rel}","templated":true}]}}